{"id":388,"date":"2023-07-26T11:12:15","date_gmt":"2023-07-26T11:12:15","guid":{"rendered":"https:\/\/learn4lifeproject.eu\/privacy-policy\/"},"modified":"2023-12-26T13:44:21","modified_gmt":"2023-12-26T13:44:21","slug":"politica-privacidade","status":"publish","type":"page","link":"https:\/\/learn4lifeproject.eu\/pt-pt\/politica-privacidade\/","title":{"rendered":"Pol\u00edtica de Privacidade"},"content":{"rendered":"<p>Entada em vigor: 1 de novembro de 2023.<\/p>\n<p>O cons\u00f3rcio do projeto LeaRn4LIFE gere a p\u00e1gina <a href=\"https:\/\/learn4lifeproject.eu\/\">https:\/\/learn4lifeproject.eu\/<\/a>.<\/p>\n<p>Esta sec\u00e7\u00e3o estabelece a forma como o LeaRn4LIFE utiliza e protege qualquer informa\u00e7\u00e3o que o utilizador forne\u00e7a quando utiliza esta p\u00e1gina.<\/p>\n<p>O LeaRn4LIFE trata a informa\u00e7\u00e3o dos seus utilizadores no estrito cumprimento do Regulamento Geral sobre a Prote\u00e7\u00e3o de Dados (RGPD) da Uni\u00e3o Europeia (Regulamento (UE) 2016\/679 do Parlamento Europeu e do Conselho, de 27 de abril de 2016, e sua atualiza\u00e7\u00e3o pela Retifica\u00e7\u00e3o n.\u00ba 00\/2016, de 4 de maio).<\/p>\n<p>Ao utilizar a p\u00e1gina LeaRn4LIFE, o utilizador concorda com a recolha e utiliza\u00e7\u00e3o de informa\u00e7\u00e3o de acordo com esta pol\u00edtica.<\/p>\n<p>&nbsp;<\/p>\n<h3>Recolha de informa\u00e7\u00e3o<\/h3>\n<p>Ao utilizar a nossa p\u00e1gina, podemos pedir-lhe que nos forne\u00e7a determinadas informa\u00e7\u00f5es de identifica\u00e7\u00e3o pessoal que podem ser utilizadas para o contactar ou identificar.<\/p>\n<p>As informa\u00e7\u00f5es de identifica\u00e7\u00e3o pessoal podem incluir (mas n\u00e3o est\u00e3o limitadas a):<\/p>\n<ul>\n<li>Nome<\/li>\n<li>Email<\/li>\n<li>N\u00famero de telefone<\/li>\n<li>Localiza\u00e7\u00e3o (por exemplo, pa\u00eds, cidade, morada)<\/li>\n<li>Informa\u00e7\u00f5es demogr\u00e1ficas, tais como prefer\u00eancias e interesses<\/li>\n<li>Outras informa\u00e7\u00f5es relevantes para fins cient\u00edficos e de investiga\u00e7\u00e3o<\/li>\n<\/ul>\n<p>&nbsp;<\/p>\n<p>Tamb\u00e9m podemos recolher informa\u00e7\u00f5es sobre a forma como a p\u00e1gina \u00e9 acedida e utilizada. Estes dados de utiliza\u00e7\u00e3o podem incluir informa\u00e7\u00f5es como o endere\u00e7o IP do computador, o tipo de browser, a vers\u00e3o do browser, as p\u00e1ginas do nosso servi\u00e7o que visita, a hora e a data da sua visita, o tempo passado nessas p\u00e1ginas, identificadores de dispositivos e outros dados de diagn\u00f3stico.<\/p>\n<p><strong>\u00a0<\/strong><\/p>\n<h3>Utiliza\u00e7\u00e3o da informa\u00e7\u00e3o<\/h3>\n<p>O LeaRn4LIFE recolhe v\u00e1rios tipos de informa\u00e7\u00e3o e utiliza-a para diversos fins:<\/p>\n<p>-\u00a0\u00a0\u00a0\u00a0\u00a0\u00a0\u00a0 Para compreender as necessidades dos utilizadores e melhorar as atividades e servi\u00e7os prestadas;<\/p>\n<p>-\u00a0\u00a0\u00a0\u00a0\u00a0\u00a0\u00a0 Para fornecer e manter a p\u00e1gina;<\/p>\n<p>-\u00a0\u00a0\u00a0\u00a0\u00a0\u00a0\u00a0 Para o notificar sobre altera\u00e7\u00f5es \u00e0 nossa p\u00e1gina;<\/p>\n<p>-\u00a0\u00a0\u00a0\u00a0\u00a0\u00a0\u00a0 Para permitir a participa\u00e7\u00e3o do utilizador em funcionalidades interativas da nossa p\u00e1gina, se o utilizador assim o desejar;<\/p>\n<p>-\u00a0\u00a0\u00a0\u00a0\u00a0\u00a0\u00a0 Para enviar eventualmente emails promocionais sobre atividades ou contact\u00e1-lo para fins cient\u00edficos e de investiga\u00e7\u00e3o;<\/p>\n<p>-\u00a0\u00a0\u00a0\u00a0\u00a0\u00a0\u00a0 Para prestar servi\u00e7o de apoio ao utilizador;<\/p>\n<p>-\u00a0\u00a0\u00a0\u00a0\u00a0\u00a0\u00a0 Para monitorizar a utiliza\u00e7\u00e3o da p\u00e1gina;<\/p>\n<p>-\u00a0\u00a0\u00a0\u00a0\u00a0\u00a0\u00a0 Para detetar, prevenir e resolver problemas t\u00e9cnicos.<\/p>\n<p>&nbsp;<\/p>\n<h3>Transfer\u00eancia de dados<\/h3>\n<p>As suas informa\u00e7\u00f5es, incluindo dados pessoais, podem ser transferidas para, e mantidas em, computadores localizados fora do seu estado, prov\u00edncia, pa\u00eds ou outra jurisdi\u00e7\u00e3o governamental, onde as leis de prote\u00e7\u00e3o de dados podem ser diferentes das da sua jurisdi\u00e7\u00e3o.<\/p>\n<p>Se estiver localizado fora de Portugal e optar por nos fornecer informa\u00e7\u00f5es, tenha em aten\u00e7\u00e3o que os dados s\u00e3o transferidos, incluindo dados pessoais, para Portugal e processados em Portugal.<\/p>\n<p>O seu consentimento a esta pol\u00edtica de privacidade, seguido do envio de tais informa\u00e7\u00f5es, representa a sua concord\u00e2ncia com esta transfer\u00eancia.<\/p>\n<p>O LeaRn4LIFE tomar\u00e1 todas as medidas razoavelmente necess\u00e1rias para garantir que os dados dos utilizadores sejam tratados com seguran\u00e7a e de acordo com esta pol\u00edtica de privacidade e nenhuma transfer\u00eancia de dados pessoais ocorrer\u00e1 para uma organiza\u00e7\u00e3o ou pa\u00eds, a menos que existam controlos adequados para tal.<\/p>\n<p>&nbsp;<\/p>\n<h3>Divulga\u00e7\u00e3o de dados<\/h3>\n<p>O LeaRn4LIFE pode divulgar os seus dados pessoais baseando-se na boa-f\u00e9 de que tal a\u00e7\u00e3o \u00e9 necess\u00e1ria para:<\/p>\n<p>-\u00a0\u00a0\u00a0\u00a0\u00a0\u00a0\u00a0 Cumprir com uma obriga\u00e7\u00e3o legal;<\/p>\n<p>-\u00a0\u00a0\u00a0\u00a0\u00a0\u00a0\u00a0 Proteger e defender os direitos ou a propriedade do LeaRn4LIFE;<\/p>\n<p>-\u00a0\u00a0\u00a0\u00a0\u00a0\u00a0\u00a0 Prevenir ou investigar poss\u00edveis infra\u00e7\u00f5es relacionadas com o servi\u00e7o;<\/p>\n<p>-\u00a0\u00a0\u00a0\u00a0\u00a0\u00a0\u00a0 Proteger a seguran\u00e7a pessoal dos utilizadores do servi\u00e7o ou do p\u00fablico;<\/p>\n<p>-\u00a0\u00a0\u00a0\u00a0\u00a0\u00a0\u00a0 Proteger em mat\u00e9ria de responsabilidade legal.<\/p>\n<p>&nbsp;<\/p>\n<h3>Seguran\u00e7a dos dados<\/h3>\n<p>O LeaRn4LIFE assume o compromisso de garantir a prote\u00e7\u00e3o da privacidade dos utilizadores, colocando os melhores esfor\u00e7os para proteger os dados pessoais contra o acesso n\u00e3o autorizado atrav\u00e9s da Internet. Para o efeito, utiliza sistemas de seguran\u00e7a, regras e outros procedimentos para garantir a prote\u00e7\u00e3o dos dados pessoais dos utilizadores, bem como para impedir o acesso n\u00e3o autorizado aos dados, a sua utiliza\u00e7\u00e3o indevida, divulga\u00e7\u00e3o, perda ou destrui\u00e7\u00e3o.<\/p>\n<p>A seguran\u00e7a dos seus dados \u00e9 importante para n\u00f3s, mas tenha em considera\u00e7\u00e3o que nenhum m\u00e9todo de transmiss\u00e3o de dados atrav\u00e9s da Internet ou m\u00e9todo de armazenamento eletr\u00f3nico \u00e9 100 % seguro. Apesar de nos esfor\u00e7armos por utilizar meios comerciais e meios aceit\u00e1veis, do ponto de vista da seguran\u00e7a, para proteger os seus dados pessoais, n\u00e3o \u00e9 poss\u00edvel garantir a sua seguran\u00e7a absoluta.<\/p>\n<p>&nbsp;<\/p>\n<h3>Prestadores de servi\u00e7os<\/h3>\n<p>O LeaRn4LFE pode contratar empresas e\/ou pessoas para auxiliar no fornecimento do servi\u00e7o da p\u00e1gina. e que trabalham em representa\u00e7\u00e3o do LeaRn4LIFE, para executar servi\u00e7os relacionados com p\u00e1gina LeaRn4LIFE ou para ajudar na an\u00e1lise da forma como a p\u00e1gina \u00e9 utilizada.<\/p>\n<p>Estas empresas e\/ou pessoas podem ter acesso aos dados pessoais dos utilizadores apenas para executar as tarefas contratadas (e em representa\u00e7\u00e3o do LeaRn4LIFE) e est\u00e3o obrigados a n\u00e3o os divulgar ou utilizar para qualquer outro fim.<\/p>\n<p>&nbsp;<\/p>\n<h3>Utiliza\u00e7\u00e3o de <em>cookies<\/em><\/h3>\n<p>De um modo geral, os cookies ajudam a fornecer as p\u00e1ginas em vers\u00e3o melhorada, permitindo-nos monitorizar as p\u00e1ginas que os utilizadores consideram ou n\u00e3o \u00fateis. Um cookie n\u00e3o permite qualquer tipo de acesso ao seu computador ou a qualquer informa\u00e7\u00e3o sua, para al\u00e9m dos dados que decidir partilhar.<\/p>\n<p>A maioria dos browsers est\u00e1 configurada para aceitar cookies, mas pode modificar a configura\u00e7\u00e3o do seu browser para recusar cookies, se assim o entender. Note-se, no entanto, que isso pode impedi-lo de tirar o m\u00e1ximo partido da p\u00e1gina LeaRn4LIFE, uma vez que algumas sec\u00e7\u00f5es da p\u00e1gina podem n\u00e3o funcionar corretamente se tiver recusado os cookies.<\/p>\n<p>&nbsp;<\/p>\n<h3>Google Analytics<\/h3>\n<p>O Google Analytics \u00e9 um servi\u00e7o de an\u00e1lise da internet oferecido pela Google, Inc. Esta ferramenta permite monitorizar e comunicar o tr\u00e1fego em p\u00e1ginas online. A Google utiliza os dados recolhidos para acompanhar e monitorizar a utiliza\u00e7\u00e3o do nosso servi\u00e7o. Estes dados s\u00e3o partilhados com outros servi\u00e7os da Google. A Google pode utilizar os dados recolhidos para contextualizar e personalizar os an\u00fancios da sua pr\u00f3pria rede de publicidade.<\/p>\n<p>O utilizador pode desativar a disponibilidade da sua atividade no servi\u00e7o para o Google Analytics instalando o Google Analytics Opt-out Browser Add-on. O complemento impede que o JavaScript do Google Analytics (ga.js, analytics.js e dc.js) partilhe informa\u00e7\u00f5es com o Google Analytics sobre a atividade dos visitantes.<\/p>\n<p>Para mais informa\u00e7\u00f5es sobre as pol\u00edticas de privacidade da Google, visite a p\u00e1gina: <a href=\"https:\/\/policies.google.com\/privacy?hl=en\">https:\/\/policies.google.com\/privacy?hl=en<\/a><\/p>\n<p>&nbsp;<\/p>\n<h3>Hiperliga\u00e7\u00f5es para outras p\u00e1ginas<\/h3>\n<p>A p\u00e1gina LeaRn4LIFE pode conter hiperliga\u00e7\u00f5es para outras p\u00e1ginas que n\u00e3o s\u00e3o geridas pelo LeaRn4LIFE.<\/p>\n<p>Uma vez utilizadas essas liga\u00e7\u00f5es, deve ter em aten\u00e7\u00e3o que est\u00e1 a sair da p\u00e1gina LeaRn4LIFE, pelo que o LeaRn4LIFE n\u00e3o assume qualquer responsabilidade pelo conte\u00fado, pol\u00edticas de privacidade ou pr\u00e1ticas dessas p\u00e1ginas externas.<\/p>\n<p>Aconselhamos assim a consulta da pol\u00edtica de privacidade das p\u00e1ginas que visitar.<\/p>\n<p>&nbsp;<\/p>\n<h3>Privacidade\u00a0para menores de 18 anos<\/h3>\n<p>A nossa p\u00e1gina n\u00e3o se destina a utilizadores com idade inferior a 18 anos, pelo que n\u00e3o recolhemos intencionalmente informa\u00e7\u00f5es pessoais desses utilizadores.<\/p>\n<p>Se for pai ou tutor legal e tiver conhecimento de que os seus filhos nos forneceram dados pessoais, deve contactar-nos.<\/p>\n<p>No caso de ser detetado que existem dados pessoais recolhidos de utilizadores com idade inferior a 18 anos, sem verifica\u00e7\u00e3o do consentimento parental, ser\u00e3o tomadas as medidas necess\u00e1rias para remover essas informa\u00e7\u00f5es dos nossos servidores.<\/p>\n<p>&nbsp;<\/p>\n<h3>Altera\u00e7\u00f5es \u00e0 pol\u00edtica de privacidade<\/h3>\n<p>O LeaRn4LIFE reserva-se o direito, sem aviso pr\u00e9vio e com efeito imediato, de atualizar periodicamente a presente pol\u00edtica. A data efetiva no topo desta p\u00e1gina da pol\u00edtica de privacidade ser\u00e1 atualizada em conformidade.<\/p>\n<p>Recomenda-se que o utilizador reveja esta pol\u00edtica de privacidade periodicamente para verificar eventuais altera\u00e7\u00f5es.<\/p>\n<p>&nbsp;<\/p>\n<h3>Contacte-nos<\/h3>\n<p>Se tiver alguma d\u00favida sobre esta pol\u00edtica de privacidade, contacte-nos por email: <a href=\"mailto:info@learn4lifeproject.eu\">info@learn4lifeproject.eu<\/a><\/p>\n","protected":false},"excerpt":{"rendered":"<p>Entada em vigor: 1 de novembro de 2023. O cons\u00f3rcio do projeto LeaRn4LIFE gere a p\u00e1gina https:\/\/learn4lifeproject.eu\/. Esta sec\u00e7\u00e3o estabelece a forma como o LeaRn4LIFE utiliza e protege qualquer informa\u00e7\u00e3o que o utilizador forne\u00e7a quando utiliza esta p\u00e1gina. O LeaRn4LIFE trata a informa\u00e7\u00e3o dos seus utilizadores no estrito cumprimento do Regulamento Geral sobre a Prote\u00e7\u00e3o [&hellip;]<\/p>\n","protected":false},"author":1,"featured_media":0,"parent":0,"menu_order":0,"comment_status":"closed","ping_status":"closed","template":"","meta":{"_acf_changed":false,"footnotes":""},"class_list":["post-388","page","type-page","status-publish","hentry"],"acf":[],"yoast_head":"<!-- This site is optimized with the Yoast SEO plugin v25.4 - https:\/\/yoast.com\/wordpress\/plugins\/seo\/ -->\n<title>Pol\u00edtica de Privacidade - LeaRn4LIFE<\/title>\n<meta name=\"robots\" content=\"index, follow, max-snippet:-1, max-image-preview:large, max-video-preview:-1\" \/>\n<link rel=\"canonical\" href=\"https:\/\/learn4lifeproject.eu\/pt-pt\/politica-privacidade\/\" \/>\n<meta property=\"og:locale\" content=\"pt_PT\" \/>\n<meta property=\"og:type\" content=\"article\" \/>\n<meta property=\"og:title\" content=\"Pol\u00edtica de Privacidade - LeaRn4LIFE\" \/>\n<meta property=\"og:description\" content=\"Entada em vigor: 1 de novembro de 2023. O cons\u00f3rcio do projeto LeaRn4LIFE gere a p\u00e1gina https:\/\/learn4lifeproject.eu\/. Esta sec\u00e7\u00e3o estabelece a forma como o LeaRn4LIFE utiliza e protege qualquer informa\u00e7\u00e3o que o utilizador forne\u00e7a quando utiliza esta p\u00e1gina. O LeaRn4LIFE trata a informa\u00e7\u00e3o dos seus utilizadores no estrito cumprimento do Regulamento Geral sobre a Prote\u00e7\u00e3o [&hellip;]\" \/>\n<meta property=\"og:url\" content=\"https:\/\/learn4lifeproject.eu\/pt-pt\/politica-privacidade\/\" \/>\n<meta property=\"og:site_name\" content=\"LeaRn4LIFE\" \/>\n<meta property=\"article:modified_time\" content=\"2023-12-26T13:44:21+00:00\" \/>\n<meta property=\"og:image\" content=\"https:\/\/learn4lifeproject.eu\/wp-content\/uploads\/2023\/08\/learn4life-default.png\" \/>\n\t<meta property=\"og:image:width\" content=\"372\" \/>\n\t<meta property=\"og:image:height\" content=\"100\" \/>\n\t<meta property=\"og:image:type\" content=\"image\/png\" \/>\n<meta name=\"twitter:card\" content=\"summary_large_image\" \/>\n<meta name=\"twitter:label1\" content=\"Tempo estimado de leitura\" \/>\n\t<meta name=\"twitter:data1\" content=\"11 minutos\" \/>\n<script type=\"application\/ld+json\" class=\"yoast-schema-graph\">{\"@context\":\"https:\/\/schema.org\",\"@graph\":[{\"@type\":\"WebPage\",\"@id\":\"https:\/\/learn4lifeproject.eu\/pt-pt\/politica-privacidade\/\",\"url\":\"https:\/\/learn4lifeproject.eu\/pt-pt\/politica-privacidade\/\",\"name\":\"Pol\u00edtica de Privacidade - LeaRn4LIFE\",\"isPartOf\":{\"@id\":\"https:\/\/learn4lifeproject.eu\/#website\"},\"datePublished\":\"2023-07-26T11:12:15+00:00\",\"dateModified\":\"2023-12-26T13:44:21+00:00\",\"breadcrumb\":{\"@id\":\"https:\/\/learn4lifeproject.eu\/pt-pt\/politica-privacidade\/#breadcrumb\"},\"inLanguage\":\"pt-PT\",\"potentialAction\":[{\"@type\":\"ReadAction\",\"target\":[\"https:\/\/learn4lifeproject.eu\/pt-pt\/politica-privacidade\/\"]}]},{\"@type\":\"BreadcrumbList\",\"@id\":\"https:\/\/learn4lifeproject.eu\/pt-pt\/politica-privacidade\/#breadcrumb\",\"itemListElement\":[{\"@type\":\"ListItem\",\"position\":1,\"name\":\"Home\",\"item\":\"https:\/\/learn4lifeproject.eu\/pt-pt\/\"},{\"@type\":\"ListItem\",\"position\":2,\"name\":\"Pol\u00edtica de Privacidade\"}]},{\"@type\":\"WebSite\",\"@id\":\"https:\/\/learn4lifeproject.eu\/#website\",\"url\":\"https:\/\/learn4lifeproject.eu\/\",\"name\":\"LeaRn4LIFE\",\"description\":\"Learning Radon\",\"publisher\":{\"@id\":\"https:\/\/learn4lifeproject.eu\/#organization\"},\"potentialAction\":[{\"@type\":\"SearchAction\",\"target\":{\"@type\":\"EntryPoint\",\"urlTemplate\":\"https:\/\/learn4lifeproject.eu\/?s={search_term_string}\"},\"query-input\":{\"@type\":\"PropertyValueSpecification\",\"valueRequired\":true,\"valueName\":\"search_term_string\"}}],\"inLanguage\":\"pt-PT\"},{\"@type\":\"Organization\",\"@id\":\"https:\/\/learn4lifeproject.eu\/#organization\",\"name\":\"LeaRn4LIFE\",\"url\":\"https:\/\/learn4lifeproject.eu\/\",\"logo\":{\"@type\":\"ImageObject\",\"inLanguage\":\"pt-PT\",\"@id\":\"https:\/\/learn4lifeproject.eu\/#\/schema\/logo\/image\/\",\"url\":\"https:\/\/learn4lifeproject.eu\/wp-content\/uploads\/2023\/08\/favicon.jpg\",\"contentUrl\":\"https:\/\/learn4lifeproject.eu\/wp-content\/uploads\/2023\/08\/favicon.jpg\",\"width\":201,\"height\":201,\"caption\":\"LeaRn4LIFE\"},\"image\":{\"@id\":\"https:\/\/learn4lifeproject.eu\/#\/schema\/logo\/image\/\"}}]}<\/script>\n<!-- \/ Yoast SEO plugin. -->","yoast_head_json":{"title":"Pol\u00edtica de Privacidade - LeaRn4LIFE","robots":{"index":"index","follow":"follow","max-snippet":"max-snippet:-1","max-image-preview":"max-image-preview:large","max-video-preview":"max-video-preview:-1"},"canonical":"https:\/\/learn4lifeproject.eu\/pt-pt\/politica-privacidade\/","og_locale":"pt_PT","og_type":"article","og_title":"Pol\u00edtica de Privacidade - LeaRn4LIFE","og_description":"Entada em vigor: 1 de novembro de 2023. O cons\u00f3rcio do projeto LeaRn4LIFE gere a p\u00e1gina https:\/\/learn4lifeproject.eu\/. Esta sec\u00e7\u00e3o estabelece a forma como o LeaRn4LIFE utiliza e protege qualquer informa\u00e7\u00e3o que o utilizador forne\u00e7a quando utiliza esta p\u00e1gina. O LeaRn4LIFE trata a informa\u00e7\u00e3o dos seus utilizadores no estrito cumprimento do Regulamento Geral sobre a Prote\u00e7\u00e3o [&hellip;]","og_url":"https:\/\/learn4lifeproject.eu\/pt-pt\/politica-privacidade\/","og_site_name":"LeaRn4LIFE","article_modified_time":"2023-12-26T13:44:21+00:00","og_image":[{"width":372,"height":100,"url":"https:\/\/learn4lifeproject.eu\/wp-content\/uploads\/2023\/08\/learn4life-default.png","type":"image\/png"}],"twitter_card":"summary_large_image","twitter_misc":{"Tempo estimado de leitura":"11 minutos"},"schema":{"@context":"https:\/\/schema.org","@graph":[{"@type":"WebPage","@id":"https:\/\/learn4lifeproject.eu\/pt-pt\/politica-privacidade\/","url":"https:\/\/learn4lifeproject.eu\/pt-pt\/politica-privacidade\/","name":"Pol\u00edtica de Privacidade - LeaRn4LIFE","isPartOf":{"@id":"https:\/\/learn4lifeproject.eu\/#website"},"datePublished":"2023-07-26T11:12:15+00:00","dateModified":"2023-12-26T13:44:21+00:00","breadcrumb":{"@id":"https:\/\/learn4lifeproject.eu\/pt-pt\/politica-privacidade\/#breadcrumb"},"inLanguage":"pt-PT","potentialAction":[{"@type":"ReadAction","target":["https:\/\/learn4lifeproject.eu\/pt-pt\/politica-privacidade\/"]}]},{"@type":"BreadcrumbList","@id":"https:\/\/learn4lifeproject.eu\/pt-pt\/politica-privacidade\/#breadcrumb","itemListElement":[{"@type":"ListItem","position":1,"name":"Home","item":"https:\/\/learn4lifeproject.eu\/pt-pt\/"},{"@type":"ListItem","position":2,"name":"Pol\u00edtica de Privacidade"}]},{"@type":"WebSite","@id":"https:\/\/learn4lifeproject.eu\/#website","url":"https:\/\/learn4lifeproject.eu\/","name":"LeaRn4LIFE","description":"Learning Radon","publisher":{"@id":"https:\/\/learn4lifeproject.eu\/#organization"},"potentialAction":[{"@type":"SearchAction","target":{"@type":"EntryPoint","urlTemplate":"https:\/\/learn4lifeproject.eu\/?s={search_term_string}"},"query-input":{"@type":"PropertyValueSpecification","valueRequired":true,"valueName":"search_term_string"}}],"inLanguage":"pt-PT"},{"@type":"Organization","@id":"https:\/\/learn4lifeproject.eu\/#organization","name":"LeaRn4LIFE","url":"https:\/\/learn4lifeproject.eu\/","logo":{"@type":"ImageObject","inLanguage":"pt-PT","@id":"https:\/\/learn4lifeproject.eu\/#\/schema\/logo\/image\/","url":"https:\/\/learn4lifeproject.eu\/wp-content\/uploads\/2023\/08\/favicon.jpg","contentUrl":"https:\/\/learn4lifeproject.eu\/wp-content\/uploads\/2023\/08\/favicon.jpg","width":201,"height":201,"caption":"LeaRn4LIFE"},"image":{"@id":"https:\/\/learn4lifeproject.eu\/#\/schema\/logo\/image\/"}}]}},"_links":{"self":[{"href":"https:\/\/learn4lifeproject.eu\/pt-pt\/wp-json\/wp\/v2\/pages\/388","targetHints":{"allow":["GET"]}}],"collection":[{"href":"https:\/\/learn4lifeproject.eu\/pt-pt\/wp-json\/wp\/v2\/pages"}],"about":[{"href":"https:\/\/learn4lifeproject.eu\/pt-pt\/wp-json\/wp\/v2\/types\/page"}],"author":[{"embeddable":true,"href":"https:\/\/learn4lifeproject.eu\/pt-pt\/wp-json\/wp\/v2\/users\/1"}],"replies":[{"embeddable":true,"href":"https:\/\/learn4lifeproject.eu\/pt-pt\/wp-json\/wp\/v2\/comments?post=388"}],"version-history":[{"count":9,"href":"https:\/\/learn4lifeproject.eu\/pt-pt\/wp-json\/wp\/v2\/pages\/388\/revisions"}],"predecessor-version":[{"id":759,"href":"https:\/\/learn4lifeproject.eu\/pt-pt\/wp-json\/wp\/v2\/pages\/388\/revisions\/759"}],"wp:attachment":[{"href":"https:\/\/learn4lifeproject.eu\/pt-pt\/wp-json\/wp\/v2\/media?parent=388"}],"curies":[{"name":"wp","href":"https:\/\/api.w.org\/{rel}","templated":true}]}}