{"id":381,"date":"2023-08-04T23:11:44","date_gmt":"2023-08-04T23:11:44","guid":{"rendered":"https:\/\/learn4lifeproject.eu\/terms-and-conditions\/"},"modified":"2023-11-30T18:56:16","modified_gmt":"2023-11-30T18:56:16","slug":"termos-condicoes","status":"publish","type":"page","link":"https:\/\/learn4lifeproject.eu\/pt-pt\/termos-condicoes\/","title":{"rendered":"Termos e Condi\u00e7\u00f5es"},"content":{"rendered":"\r\n<p>A p\u00e1gina LeaRn4LIFE foi desenvolvida para possibilitar o acesso a conte\u00fados sobre preven\u00e7\u00e3o e remedia\u00e7\u00e3o de rad\u00e3o em edif\u00edcios, incluindo conte\u00fados formativos, com o objetivo de promover a capacita\u00e7\u00e3o profissional e de sensibilizar o p\u00fablico para o tema do rad\u00e3o. A p\u00e1gina LeaRn4LIFE permite o acesso a pessoas de diferentes pa\u00edses, origens e interesses profissionais.<\/p>\r\n<p>A p\u00e1gina LeaRn4LIFE foi criada, desenvolvida e \u00e9 gerida pelo cons\u00f3rcio do projeto LeaRn4LIFE, e a sua utiliza\u00e7\u00e3o rege-se pelos termos de utiliza\u00e7\u00e3o abaixo descritos.<\/p>\r\n<p>&nbsp;<\/p>\r\n<p><strong>Acesso \u00e0 p\u00e1gina LeaRn4LIFE<\/strong><\/p>\r\n<p>Os utilizadores da p\u00e1gina LeaRn4LIFE reconhecem que, ao utilizarem esta p\u00e1gina, aceitam as condi\u00e7\u00f5es de utiliza\u00e7\u00e3o aqui descritas.<\/p>\r\n<p>O utilizador pode aceder \u00e0 p\u00e1gina LeaRn4LIFE sempre que assim o entenda. Ao introduzir dados pessoais, o LeaRn4LIFE pode incluir voluntariamente essas informa\u00e7\u00f5es na sua base de dados e de proceder ao seu tratamento e utiliza\u00e7\u00e3o. Contudo, compromete-se a nunca fornecer a terceiros as informa\u00e7\u00f5es recolhidas atrav\u00e9s da p\u00e1gina LeaRn4LIFE (a menos que exista utiliza\u00e7\u00e3o de forma abusiva ou ileg\u00edtima por entidades externas).<\/p>\r\n<p>O LeaRn4LIFE pode alterar as informa\u00e7\u00f5es contidas na p\u00e1gina LeaRn4LIFE sem aviso pr\u00e9vio. Pode igualmente suspender, parcial ou totalmente, o acesso \u00e0 p\u00e1gina, nomeadamente para interven\u00e7\u00f5es de gest\u00e3o, manuten\u00e7\u00e3o, repara\u00e7\u00e3o, modifica\u00e7\u00e3o ou atualiza\u00e7\u00e3o. Pode ainda encerrar a sua p\u00e1gina, definitiva ou temporariamente, parcial ou totalmente, a qualquer momento, de acordo com a sua vontade e sem aviso pr\u00e9vio.<\/p>\r\n<p>&nbsp;<\/p>\r\n<p><strong>Direitos de propriedade intelectual<\/strong><\/p>\r\n<p>O utilizador reconhece que os conte\u00fados da p\u00e1gina LeaRn4LIFE est\u00e3o protegidos por direitos de propriedade intelectual e compromete-se a respeitar esses direitos.<\/p>\r\n<p>Os direitos sobre os textos, as imagens, os gr\u00e1ficos, o som e a anima\u00e7\u00e3o e todas as outras informa\u00e7\u00f5es e a forma como s\u00e3o representadas graficamente na p\u00e1gina, incluindo as marcas, os log\u00f3tipos e os s\u00edmbolos, bem como a disposi\u00e7\u00e3o e a estrutura da p\u00e1gina s\u00e3o propriedade do LeaRn4LIFE ou foram devidamente licenciados a favor do LeaRn4LIFE.<\/p>\r\n<p>O utilizador n\u00e3o est\u00e1 autorizado a transmitir, publicar, modificar, copiar, vender, utilizar ou distribuir, seja de que forma for, os textos, imagens ou outras informa\u00e7\u00f5es contidas nesta p\u00e1gina, nem a p\u00e1gina parcialmente, sem autoriza\u00e7\u00e3o pr\u00e9via por escrito de LeaRn4LIFE.<\/p>\r\n<p>&nbsp;<\/p>\r\n<p><strong>Responsabilidade<\/strong><\/p>\r\n<p>O apoio da Comiss\u00e3o Europeia ao projeto LeaRn4LIFE n\u00e3o constitui uma aprova\u00e7\u00e3o do conte\u00fado da p\u00e1gina LeaRn4LIFE, e esta p\u00e1gina reflete apenas as opini\u00f5es dos autores, pelo que a Comiss\u00e3o Europeia n\u00e3o pode ser responsabilizada por qualquer utiliza\u00e7\u00e3o que possa ser feita das informa\u00e7\u00f5es nela contida.<\/p>\r\n<p>O LeaRn4LIFE n\u00e3o se responsabiliza por erros que possam ocorrer devido a irregularidades do sistema, falhas (tempor\u00e1rias ou permanentes) da p\u00e1gina, das aplica\u00e7\u00f5es ou de outras ferramentas.<\/p>\r\n<p>O LeaRn4LIFE n\u00e3o assume qualquer responsabilidade por eventuais erros ou discrep\u00e2ncias que existam na vers\u00e3o eletr\u00f3nica ou na sua vers\u00e3o escrita dos conte\u00fados.<\/p>\r\n<p>O LeaRn4LIFE n\u00e3o poder\u00e1 ser responsabilizado por quaisquer danos resultantes da utiliza\u00e7\u00e3o indevida ou da impossibilidade de utiliza\u00e7\u00e3o da p\u00e1gina.<\/p>\r\n<p>A disponibiliza\u00e7\u00e3o de informa\u00e7\u00f5es na p\u00e1gina LeaRn4LIFE \u00e9 gratuita e n\u00e3o cria qualquer rela\u00e7\u00e3o comercial ou profissional entre os utilizadores e o LeaRn4LIFE.<\/p>\r\n<p>As hiperliga\u00e7\u00f5es que o LeaRn4LIFE mant\u00e9m na sua p\u00e1gina e que permitem o acesso a outras p\u00e1ginas n\u00e3o est\u00e3o sob o controlo do LeaRn4LIFE. Assim, o LeaRn4LIFE n\u00e3o se responsabiliza pela informa\u00e7\u00e3o disponibilizada por outras entidades e em p\u00e1ginas externas. A utiliza\u00e7\u00e3o dessas p\u00e1ginas \u00e9 da exclusiva responsabilidade dos utilizadores.<\/p>\r\n<p>&nbsp;<\/p>\r\n<p><strong>Legisla\u00e7\u00e3o aplic\u00e1vel<\/strong><\/p>\r\n<p>Aplica-se a lei portuguesa \u00e0 gest\u00e3o, administra\u00e7\u00e3o, utiliza\u00e7\u00e3o e aplica\u00e7\u00e3o dos termos de utiliza\u00e7\u00e3o da p\u00e1gina LeaRn4LIFE. Estando o coordenador do projeto LeaRn4LIFE sediado em Lisboa, qualquer a\u00e7\u00e3o judicial que venha a ser intentada, inerente aos presentes termos de utiliza\u00e7\u00e3o, \u00e9 competente o Tribunal da Comarca de Lisboa, com expressa ren\u00fancia a qualquer outro.<\/p>\r\n<p>&nbsp;<\/p>\r\n<p><strong>Altera\u00e7\u00f5es aos termos e condi\u00e7\u00f5es<\/strong><\/p>\r\n<p>O LeaRn4LIFE reserva-se o direito de, sem aviso pr\u00e9vio e com efeito imediato, alterar periodicamente as presentes condi\u00e7\u00f5es de utiliza\u00e7\u00e3o. O utilizador deve consultar periodicamente os termos e condi\u00e7\u00f5es de utiliza\u00e7\u00e3o para verificar se foram efetuadas quaisquer atualiza\u00e7\u00f5es ou altera\u00e7\u00f5es.<\/p>\r\n<p>Se tiver alguma d\u00favida sobre as presentes condi\u00e7\u00f5es de utiliza\u00e7\u00e3o, envie-nos as suas quest\u00f5es ou pedido de informa\u00e7\u00e3o por email: <a href=\"mailto:info@learn4lifeproject.eu\">info@learn4lifeproject.eu<\/a>.<\/p>\r\n<p>&nbsp;<\/p>\r\n<p>Consulte a nossa <strong>pol\u00edtica de privacidade<\/strong> e de <em>cookies<\/em> para obter mais informa\u00e7\u00f5es sobre as nossas pol\u00edticas de recolha de dados.<\/p>\r\n","protected":false},"excerpt":{"rendered":"<p>A p\u00e1gina LeaRn4LIFE foi desenvolvida para possibilitar o acesso a conte\u00fados sobre preven\u00e7\u00e3o e remedia\u00e7\u00e3o de rad\u00e3o em edif\u00edcios, incluindo conte\u00fados formativos, com o objetivo de promover a capacita\u00e7\u00e3o profissional e de sensibilizar o p\u00fablico para o tema do rad\u00e3o. A p\u00e1gina LeaRn4LIFE permite o acesso a pessoas de diferentes pa\u00edses, origens e interesses profissionais. [&hellip;]<\/p>\n","protected":false},"author":1,"featured_media":0,"parent":0,"menu_order":0,"comment_status":"closed","ping_status":"closed","template":"","meta":{"_acf_changed":false,"footnotes":""},"class_list":["post-381","page","type-page","status-publish","hentry"],"acf":[],"yoast_head":"<!-- This site is optimized with the Yoast SEO plugin v25.4 - https:\/\/yoast.com\/wordpress\/plugins\/seo\/ -->\n<title>Termos e Condi\u00e7\u00f5es - LeaRn4LIFE<\/title>\n<meta name=\"robots\" content=\"index, follow, max-snippet:-1, max-image-preview:large, max-video-preview:-1\" \/>\n<link rel=\"canonical\" href=\"https:\/\/learn4lifeproject.eu\/pt-pt\/termos-condicoes\/\" \/>\n<meta property=\"og:locale\" content=\"pt_PT\" \/>\n<meta property=\"og:type\" content=\"article\" \/>\n<meta property=\"og:title\" content=\"Termos e Condi\u00e7\u00f5es - LeaRn4LIFE\" \/>\n<meta property=\"og:description\" content=\"A p\u00e1gina LeaRn4LIFE foi desenvolvida para possibilitar o acesso a conte\u00fados sobre preven\u00e7\u00e3o e remedia\u00e7\u00e3o de rad\u00e3o em edif\u00edcios, incluindo conte\u00fados formativos, com o objetivo de promover a capacita\u00e7\u00e3o profissional e de sensibilizar o p\u00fablico para o tema do rad\u00e3o. A p\u00e1gina LeaRn4LIFE permite o acesso a pessoas de diferentes pa\u00edses, origens e interesses profissionais. [&hellip;]\" \/>\n<meta property=\"og:url\" content=\"https:\/\/learn4lifeproject.eu\/pt-pt\/termos-condicoes\/\" \/>\n<meta property=\"og:site_name\" content=\"LeaRn4LIFE\" \/>\n<meta property=\"article:modified_time\" content=\"2023-11-30T18:56:16+00:00\" \/>\n<meta property=\"og:image\" content=\"https:\/\/learn4lifeproject.eu\/wp-content\/uploads\/2023\/08\/learn4life-default.png\" \/>\n\t<meta property=\"og:image:width\" content=\"372\" \/>\n\t<meta property=\"og:image:height\" content=\"100\" \/>\n\t<meta property=\"og:image:type\" content=\"image\/png\" \/>\n<meta name=\"twitter:card\" content=\"summary_large_image\" \/>\n<meta name=\"twitter:label1\" content=\"Tempo estimado de leitura\" \/>\n\t<meta name=\"twitter:data1\" content=\"3 minutos\" \/>\n<script type=\"application\/ld+json\" class=\"yoast-schema-graph\">{\"@context\":\"https:\/\/schema.org\",\"@graph\":[{\"@type\":\"WebPage\",\"@id\":\"https:\/\/learn4lifeproject.eu\/pt-pt\/termos-condicoes\/\",\"url\":\"https:\/\/learn4lifeproject.eu\/pt-pt\/termos-condicoes\/\",\"name\":\"Termos e Condi\u00e7\u00f5es - LeaRn4LIFE\",\"isPartOf\":{\"@id\":\"https:\/\/learn4lifeproject.eu\/#website\"},\"datePublished\":\"2023-08-04T23:11:44+00:00\",\"dateModified\":\"2023-11-30T18:56:16+00:00\",\"breadcrumb\":{\"@id\":\"https:\/\/learn4lifeproject.eu\/pt-pt\/termos-condicoes\/#breadcrumb\"},\"inLanguage\":\"pt-PT\",\"potentialAction\":[{\"@type\":\"ReadAction\",\"target\":[\"https:\/\/learn4lifeproject.eu\/pt-pt\/termos-condicoes\/\"]}]},{\"@type\":\"BreadcrumbList\",\"@id\":\"https:\/\/learn4lifeproject.eu\/pt-pt\/termos-condicoes\/#breadcrumb\",\"itemListElement\":[{\"@type\":\"ListItem\",\"position\":1,\"name\":\"Home\",\"item\":\"https:\/\/learn4lifeproject.eu\/pt-pt\/\"},{\"@type\":\"ListItem\",\"position\":2,\"name\":\"Termos e Condi\u00e7\u00f5es\"}]},{\"@type\":\"WebSite\",\"@id\":\"https:\/\/learn4lifeproject.eu\/#website\",\"url\":\"https:\/\/learn4lifeproject.eu\/\",\"name\":\"LeaRn4LIFE\",\"description\":\"Learning Radon\",\"publisher\":{\"@id\":\"https:\/\/learn4lifeproject.eu\/#organization\"},\"potentialAction\":[{\"@type\":\"SearchAction\",\"target\":{\"@type\":\"EntryPoint\",\"urlTemplate\":\"https:\/\/learn4lifeproject.eu\/?s={search_term_string}\"},\"query-input\":{\"@type\":\"PropertyValueSpecification\",\"valueRequired\":true,\"valueName\":\"search_term_string\"}}],\"inLanguage\":\"pt-PT\"},{\"@type\":\"Organization\",\"@id\":\"https:\/\/learn4lifeproject.eu\/#organization\",\"name\":\"LeaRn4LIFE\",\"url\":\"https:\/\/learn4lifeproject.eu\/\",\"logo\":{\"@type\":\"ImageObject\",\"inLanguage\":\"pt-PT\",\"@id\":\"https:\/\/learn4lifeproject.eu\/#\/schema\/logo\/image\/\",\"url\":\"https:\/\/learn4lifeproject.eu\/wp-content\/uploads\/2023\/08\/favicon.jpg\",\"contentUrl\":\"https:\/\/learn4lifeproject.eu\/wp-content\/uploads\/2023\/08\/favicon.jpg\",\"width\":201,\"height\":201,\"caption\":\"LeaRn4LIFE\"},\"image\":{\"@id\":\"https:\/\/learn4lifeproject.eu\/#\/schema\/logo\/image\/\"}}]}<\/script>\n<!-- \/ Yoast SEO plugin. -->","yoast_head_json":{"title":"Termos e Condi\u00e7\u00f5es - LeaRn4LIFE","robots":{"index":"index","follow":"follow","max-snippet":"max-snippet:-1","max-image-preview":"max-image-preview:large","max-video-preview":"max-video-preview:-1"},"canonical":"https:\/\/learn4lifeproject.eu\/pt-pt\/termos-condicoes\/","og_locale":"pt_PT","og_type":"article","og_title":"Termos e Condi\u00e7\u00f5es - LeaRn4LIFE","og_description":"A p\u00e1gina LeaRn4LIFE foi desenvolvida para possibilitar o acesso a conte\u00fados sobre preven\u00e7\u00e3o e remedia\u00e7\u00e3o de rad\u00e3o em edif\u00edcios, incluindo conte\u00fados formativos, com o objetivo de promover a capacita\u00e7\u00e3o profissional e de sensibilizar o p\u00fablico para o tema do rad\u00e3o. A p\u00e1gina LeaRn4LIFE permite o acesso a pessoas de diferentes pa\u00edses, origens e interesses profissionais. [&hellip;]","og_url":"https:\/\/learn4lifeproject.eu\/pt-pt\/termos-condicoes\/","og_site_name":"LeaRn4LIFE","article_modified_time":"2023-11-30T18:56:16+00:00","og_image":[{"width":372,"height":100,"url":"https:\/\/learn4lifeproject.eu\/wp-content\/uploads\/2023\/08\/learn4life-default.png","type":"image\/png"}],"twitter_card":"summary_large_image","twitter_misc":{"Tempo estimado de leitura":"3 minutos"},"schema":{"@context":"https:\/\/schema.org","@graph":[{"@type":"WebPage","@id":"https:\/\/learn4lifeproject.eu\/pt-pt\/termos-condicoes\/","url":"https:\/\/learn4lifeproject.eu\/pt-pt\/termos-condicoes\/","name":"Termos e Condi\u00e7\u00f5es - LeaRn4LIFE","isPartOf":{"@id":"https:\/\/learn4lifeproject.eu\/#website"},"datePublished":"2023-08-04T23:11:44+00:00","dateModified":"2023-11-30T18:56:16+00:00","breadcrumb":{"@id":"https:\/\/learn4lifeproject.eu\/pt-pt\/termos-condicoes\/#breadcrumb"},"inLanguage":"pt-PT","potentialAction":[{"@type":"ReadAction","target":["https:\/\/learn4lifeproject.eu\/pt-pt\/termos-condicoes\/"]}]},{"@type":"BreadcrumbList","@id":"https:\/\/learn4lifeproject.eu\/pt-pt\/termos-condicoes\/#breadcrumb","itemListElement":[{"@type":"ListItem","position":1,"name":"Home","item":"https:\/\/learn4lifeproject.eu\/pt-pt\/"},{"@type":"ListItem","position":2,"name":"Termos e Condi\u00e7\u00f5es"}]},{"@type":"WebSite","@id":"https:\/\/learn4lifeproject.eu\/#website","url":"https:\/\/learn4lifeproject.eu\/","name":"LeaRn4LIFE","description":"Learning Radon","publisher":{"@id":"https:\/\/learn4lifeproject.eu\/#organization"},"potentialAction":[{"@type":"SearchAction","target":{"@type":"EntryPoint","urlTemplate":"https:\/\/learn4lifeproject.eu\/?s={search_term_string}"},"query-input":{"@type":"PropertyValueSpecification","valueRequired":true,"valueName":"search_term_string"}}],"inLanguage":"pt-PT"},{"@type":"Organization","@id":"https:\/\/learn4lifeproject.eu\/#organization","name":"LeaRn4LIFE","url":"https:\/\/learn4lifeproject.eu\/","logo":{"@type":"ImageObject","inLanguage":"pt-PT","@id":"https:\/\/learn4lifeproject.eu\/#\/schema\/logo\/image\/","url":"https:\/\/learn4lifeproject.eu\/wp-content\/uploads\/2023\/08\/favicon.jpg","contentUrl":"https:\/\/learn4lifeproject.eu\/wp-content\/uploads\/2023\/08\/favicon.jpg","width":201,"height":201,"caption":"LeaRn4LIFE"},"image":{"@id":"https:\/\/learn4lifeproject.eu\/#\/schema\/logo\/image\/"}}]}},"_links":{"self":[{"href":"https:\/\/learn4lifeproject.eu\/pt-pt\/wp-json\/wp\/v2\/pages\/381","targetHints":{"allow":["GET"]}}],"collection":[{"href":"https:\/\/learn4lifeproject.eu\/pt-pt\/wp-json\/wp\/v2\/pages"}],"about":[{"href":"https:\/\/learn4lifeproject.eu\/pt-pt\/wp-json\/wp\/v2\/types\/page"}],"author":[{"embeddable":true,"href":"https:\/\/learn4lifeproject.eu\/pt-pt\/wp-json\/wp\/v2\/users\/1"}],"replies":[{"embeddable":true,"href":"https:\/\/learn4lifeproject.eu\/pt-pt\/wp-json\/wp\/v2\/comments?post=381"}],"version-history":[{"count":4,"href":"https:\/\/learn4lifeproject.eu\/pt-pt\/wp-json\/wp\/v2\/pages\/381\/revisions"}],"predecessor-version":[{"id":579,"href":"https:\/\/learn4lifeproject.eu\/pt-pt\/wp-json\/wp\/v2\/pages\/381\/revisions\/579"}],"wp:attachment":[{"href":"https:\/\/learn4lifeproject.eu\/pt-pt\/wp-json\/wp\/v2\/media?parent=381"}],"curies":[{"name":"wp","href":"https:\/\/api.w.org\/{rel}","templated":true}]}}