{"id":767,"date":"2023-08-04T23:11:44","date_gmt":"2023-08-04T23:11:44","guid":{"rendered":"https:\/\/learn4lifeproject.eu\/?page_id=767"},"modified":"2023-12-26T15:06:12","modified_gmt":"2023-12-26T15:06:12","slug":"condiciones-de-uso","status":"publish","type":"page","link":"https:\/\/learn4lifeproject.eu\/es\/condiciones-de-uso\/","title":{"rendered":"Condiciones de uso"},"content":{"rendered":"<p>El sitio web LeaRn4LIFE se ha desarrollado para permitir que personas de toda Europa, con diversos niveles formativos e intereses profesionales, accedan f\u00e1cilmente a contenidos formativos de calidad sobre la prevenci\u00f3n y eliminaci\u00f3n del rad\u00f3n en las viviendas, con vistas a mejorar la capacidad profesional y tambi\u00e9n a crear conocimiento sobre estas cuestiones entre el p\u00fablico en general.<\/p>\n<p>Este sitio web ha sido creado, desarrollado y administrado por el consorcio del proyecto LeaRn4LIFE, y su uso se rige por estos t\u00e9rminos de uso.<\/p>\n<p>&nbsp;<\/p>\n<h3>Acceso al sitio web<\/h3>\n<p>Los usuarios del sitio web LeaRn4LIFE reconocen que al utilizar este sitio aceptan estas condiciones de uso.<\/p>\n<p>El usuario puede acceder al sitio web de LeaRn4LIFE cuando lo desee. Al introducir datos personales, LeaRn4LIFE queda autorizada y libre para incorporar voluntariamente esta informaci\u00f3n a su base de datos y llevar a cabo su procesamiento y uso. No obstante, se compromete a no facilitar nunca a terceros la informaci\u00f3n recogida a trav\u00e9s de su sitio web, salvo que terceros la utilicen de forma abusiva o ileg\u00edtima.<\/p>\n<p>LeaRn4LIFE podr\u00e1 cambiar la informaci\u00f3n contenida en su sitio web sin previo aviso. Tambi\u00e9n podr\u00e1 suspender, parcial o totalmente, el acceso al sitio web, en particular para operaciones de gesti\u00f3n, mantenimiento, reparaci\u00f3n, modificaci\u00f3n o actualizaci\u00f3n, y cancelar, definitiva o temporalmente, parcial o totalmente, en cualquier momento, seg\u00fan su voluntad, el sitio web, sin previo aviso.<\/p>\n<p>&nbsp;<\/p>\n<h3>Derechos de propiedad intelectual<\/h3>\n<p>El usuario reconoce que los contenidos de este sitio est\u00e1n protegidos por derechos de propiedad intelectual y se compromete a respetar dichos derechos.<\/p>\n<p>Los derechos sobre los textos, im\u00e1genes, gr\u00e1ficos, sonido y animaci\u00f3n y toda otra informaci\u00f3n y la forma en que se representan gr\u00e1ficamente en el sitio, incluidas las marcas comerciales, logotipos y s\u00edmbolos, as\u00ed como el dise\u00f1o y la estructura del sitio, son propiedad de LeaRn4LIFE o han sido debidamente autorizados por LeaRn4LIFE.<\/p>\n<p>El usuario no est\u00e1 autorizado a transmitir, publicar, modificar, copiar, vender, utilizar o distribuir, de cualquier forma, los textos, im\u00e1genes u otra informaci\u00f3n contenida en este sitio web o parte del mismo sin la autorizaci\u00f3n previa por escrito de LeaRn4LIFE.<\/p>\n<p>&nbsp;<\/p>\n<h3>Responsabilidad<\/h3>\n<p>El apoyo de la Comisi\u00f3n Europea a la producci\u00f3n del proyecto LeaRn4LIFE no constituye un respaldo de los contenidos que reflejan \u00fanicamente las opiniones de los autores y, por lo tanto, la<\/p>\n<p>Comisi\u00f3n Europea no se hace responsable del uso que pueda hacerse de la informaci\u00f3n contenida en el mismo.<\/p>\n<p>LeaRn4LIFE no ser\u00e1 responsable de los errores que puedan ocurrir debido a irregularidades del sistema, fallos (temporales o permanentes) del sitio web, aplicaciones u otras herramientas.<\/p>\n<p>LeaRn4LIFE no asume ninguna responsabilidad por los errores o discrepancias que existan en la versi\u00f3n electr\u00f3nica o en su versi\u00f3n escrita.<\/p>\n<p>LeaRn4LIFE no ser\u00e1 responsable de ning\u00fan da\u00f1o resultante del uso inadecuado o la imposibilidad de utilizar el sitio web.<\/p>\n<p>El suministro de informaci\u00f3n en el sitio web de LeaRn4LIFE tiene car\u00e1cter gratuito y no crea ninguna relaci\u00f3n comercial o profesional entre los usuarios y LeaRn4LIFE.<\/p>\n<p>Los enlaces e hipertextos que LeaRn4LIFE mantiene en su p\u00e1gina y permite el acceso a otras entidades no se encuentran bajo nuestro control. Por tanto, LeaRn4LIFE no es responsable de la informaci\u00f3n proporcionada por otras entidades. El uso de estos enlaces es responsabilidad exclusiva de los usuarios.<\/p>\n<p>&nbsp;<\/p>\n<h3>Ley aplicable<\/h3>\n<p>La ley portuguesa es aplicable a la gesti\u00f3n, administraci\u00f3n, uso y aplicaci\u00f3n de las condiciones de uso del sitio web LeaRn4LIFE. Dado que el coordinador del proyecto LeaRn4LIFE tiene su sede en Lisboa, cualquier acci\u00f3n legal que pueda interponerse, inherente a las presentes condiciones de uso, es competencia exclusiva del Distrito de Lisboa, con renuncia expresa a cualquier otra.<\/p>\n<p>&nbsp;<\/p>\n<h3>Modificaci\u00f3n de las condiciones de uso<\/h3>\n<p>LeaRn4LIFE se reserva el derecho, sin previo aviso y con efecto inmediato, de cambiar estos t\u00e9rminos de uso peri\u00f3dicamente actualizando esta p\u00e1gina. El usuario deber\u00e1 revisar peri\u00f3dicamente esta p\u00e1gina para asegurarse si se han realizado actualizaciones o cambios.<\/p>\n<p>Si tiene alguna pregunta sobre estas condiciones de uso, env\u00edenos su consulta por correo electr\u00f3nico a: info@learn4lifeproject.eu.<\/p>\n<p>&nbsp;<\/p>\n<p>Consulte nuestra pol\u00edtica de Privacidad y Cookies para obtener m\u00e1s informaci\u00f3n sobre nuestras pol\u00edticas de recopilaci\u00f3n de datos.<\/p>\n","protected":false},"excerpt":{"rendered":"<p>El sitio web LeaRn4LIFE se ha desarrollado para permitir que personas de toda Europa, con diversos niveles formativos e intereses profesionales, accedan f\u00e1cilmente a contenidos formativos de calidad sobre la prevenci\u00f3n y eliminaci\u00f3n del rad\u00f3n en las viviendas, con vistas a mejorar la capacidad profesional y tambi\u00e9n a crear conocimiento sobre estas cuestiones entre el [&hellip;]<\/p>\n","protected":false},"author":1,"featured_media":0,"parent":0,"menu_order":0,"comment_status":"closed","ping_status":"closed","template":"","meta":{"_acf_changed":false,"footnotes":""},"class_list":["post-767","page","type-page","status-publish","hentry"],"acf":[],"yoast_head":"<!-- This site is optimized with the Yoast SEO plugin v25.4 - https:\/\/yoast.com\/wordpress\/plugins\/seo\/ -->\n<title>Condiciones de uso - LeaRn4LIFE<\/title>\n<meta name=\"robots\" content=\"index, follow, max-snippet:-1, max-image-preview:large, max-video-preview:-1\" \/>\n<link rel=\"canonical\" href=\"https:\/\/learn4lifeproject.eu\/es\/condiciones-de-uso\/\" \/>\n<meta property=\"og:locale\" content=\"es_ES\" \/>\n<meta property=\"og:type\" content=\"article\" \/>\n<meta property=\"og:title\" content=\"Condiciones de uso - LeaRn4LIFE\" \/>\n<meta property=\"og:description\" content=\"El sitio web LeaRn4LIFE se ha desarrollado para permitir que personas de toda Europa, con diversos niveles formativos e intereses profesionales, accedan f\u00e1cilmente a contenidos formativos de calidad sobre la prevenci\u00f3n y eliminaci\u00f3n del rad\u00f3n en las viviendas, con vistas a mejorar la capacidad profesional y tambi\u00e9n a crear conocimiento sobre estas cuestiones entre el [&hellip;]\" \/>\n<meta property=\"og:url\" content=\"https:\/\/learn4lifeproject.eu\/es\/condiciones-de-uso\/\" \/>\n<meta property=\"og:site_name\" content=\"LeaRn4LIFE\" \/>\n<meta property=\"article:modified_time\" content=\"2023-12-26T15:06:12+00:00\" \/>\n<meta property=\"og:image\" content=\"https:\/\/learn4lifeproject.eu\/wp-content\/uploads\/2023\/08\/learn4life-default.png\" \/>\n\t<meta property=\"og:image:width\" content=\"372\" \/>\n\t<meta property=\"og:image:height\" content=\"100\" \/>\n\t<meta property=\"og:image:type\" content=\"image\/png\" \/>\n<meta name=\"twitter:card\" content=\"summary_large_image\" \/>\n<meta name=\"twitter:label1\" content=\"Tiempo de lectura\" \/>\n\t<meta name=\"twitter:data1\" content=\"3 minutos\" \/>\n<script type=\"application\/ld+json\" class=\"yoast-schema-graph\">{\"@context\":\"https:\/\/schema.org\",\"@graph\":[{\"@type\":\"WebPage\",\"@id\":\"https:\/\/learn4lifeproject.eu\/es\/condiciones-de-uso\/\",\"url\":\"https:\/\/learn4lifeproject.eu\/es\/condiciones-de-uso\/\",\"name\":\"Condiciones de uso - LeaRn4LIFE\",\"isPartOf\":{\"@id\":\"https:\/\/learn4lifeproject.eu\/#website\"},\"datePublished\":\"2023-08-04T23:11:44+00:00\",\"dateModified\":\"2023-12-26T15:06:12+00:00\",\"breadcrumb\":{\"@id\":\"https:\/\/learn4lifeproject.eu\/es\/condiciones-de-uso\/#breadcrumb\"},\"inLanguage\":\"es\",\"potentialAction\":[{\"@type\":\"ReadAction\",\"target\":[\"https:\/\/learn4lifeproject.eu\/es\/condiciones-de-uso\/\"]}]},{\"@type\":\"BreadcrumbList\",\"@id\":\"https:\/\/learn4lifeproject.eu\/es\/condiciones-de-uso\/#breadcrumb\",\"itemListElement\":[{\"@type\":\"ListItem\",\"position\":1,\"name\":\"Home\",\"item\":\"https:\/\/learn4lifeproject.eu\/es\/\"},{\"@type\":\"ListItem\",\"position\":2,\"name\":\"Condiciones de uso\"}]},{\"@type\":\"WebSite\",\"@id\":\"https:\/\/learn4lifeproject.eu\/#website\",\"url\":\"https:\/\/learn4lifeproject.eu\/\",\"name\":\"LeaRn4LIFE\",\"description\":\"Learning Radon\",\"publisher\":{\"@id\":\"https:\/\/learn4lifeproject.eu\/#organization\"},\"potentialAction\":[{\"@type\":\"SearchAction\",\"target\":{\"@type\":\"EntryPoint\",\"urlTemplate\":\"https:\/\/learn4lifeproject.eu\/?s={search_term_string}\"},\"query-input\":{\"@type\":\"PropertyValueSpecification\",\"valueRequired\":true,\"valueName\":\"search_term_string\"}}],\"inLanguage\":\"es\"},{\"@type\":\"Organization\",\"@id\":\"https:\/\/learn4lifeproject.eu\/#organization\",\"name\":\"LeaRn4LIFE\",\"url\":\"https:\/\/learn4lifeproject.eu\/\",\"logo\":{\"@type\":\"ImageObject\",\"inLanguage\":\"es\",\"@id\":\"https:\/\/learn4lifeproject.eu\/#\/schema\/logo\/image\/\",\"url\":\"https:\/\/learn4lifeproject.eu\/wp-content\/uploads\/2023\/08\/favicon.jpg\",\"contentUrl\":\"https:\/\/learn4lifeproject.eu\/wp-content\/uploads\/2023\/08\/favicon.jpg\",\"width\":201,\"height\":201,\"caption\":\"LeaRn4LIFE\"},\"image\":{\"@id\":\"https:\/\/learn4lifeproject.eu\/#\/schema\/logo\/image\/\"}}]}<\/script>\n<!-- \/ Yoast SEO plugin. -->","yoast_head_json":{"title":"Condiciones de uso - LeaRn4LIFE","robots":{"index":"index","follow":"follow","max-snippet":"max-snippet:-1","max-image-preview":"max-image-preview:large","max-video-preview":"max-video-preview:-1"},"canonical":"https:\/\/learn4lifeproject.eu\/es\/condiciones-de-uso\/","og_locale":"es_ES","og_type":"article","og_title":"Condiciones de uso - LeaRn4LIFE","og_description":"El sitio web LeaRn4LIFE se ha desarrollado para permitir que personas de toda Europa, con diversos niveles formativos e intereses profesionales, accedan f\u00e1cilmente a contenidos formativos de calidad sobre la prevenci\u00f3n y eliminaci\u00f3n del rad\u00f3n en las viviendas, con vistas a mejorar la capacidad profesional y tambi\u00e9n a crear conocimiento sobre estas cuestiones entre el [&hellip;]","og_url":"https:\/\/learn4lifeproject.eu\/es\/condiciones-de-uso\/","og_site_name":"LeaRn4LIFE","article_modified_time":"2023-12-26T15:06:12+00:00","og_image":[{"width":372,"height":100,"url":"https:\/\/learn4lifeproject.eu\/wp-content\/uploads\/2023\/08\/learn4life-default.png","type":"image\/png"}],"twitter_card":"summary_large_image","twitter_misc":{"Tiempo de lectura":"3 minutos"},"schema":{"@context":"https:\/\/schema.org","@graph":[{"@type":"WebPage","@id":"https:\/\/learn4lifeproject.eu\/es\/condiciones-de-uso\/","url":"https:\/\/learn4lifeproject.eu\/es\/condiciones-de-uso\/","name":"Condiciones de uso - LeaRn4LIFE","isPartOf":{"@id":"https:\/\/learn4lifeproject.eu\/#website"},"datePublished":"2023-08-04T23:11:44+00:00","dateModified":"2023-12-26T15:06:12+00:00","breadcrumb":{"@id":"https:\/\/learn4lifeproject.eu\/es\/condiciones-de-uso\/#breadcrumb"},"inLanguage":"es","potentialAction":[{"@type":"ReadAction","target":["https:\/\/learn4lifeproject.eu\/es\/condiciones-de-uso\/"]}]},{"@type":"BreadcrumbList","@id":"https:\/\/learn4lifeproject.eu\/es\/condiciones-de-uso\/#breadcrumb","itemListElement":[{"@type":"ListItem","position":1,"name":"Home","item":"https:\/\/learn4lifeproject.eu\/es\/"},{"@type":"ListItem","position":2,"name":"Condiciones de uso"}]},{"@type":"WebSite","@id":"https:\/\/learn4lifeproject.eu\/#website","url":"https:\/\/learn4lifeproject.eu\/","name":"LeaRn4LIFE","description":"Learning Radon","publisher":{"@id":"https:\/\/learn4lifeproject.eu\/#organization"},"potentialAction":[{"@type":"SearchAction","target":{"@type":"EntryPoint","urlTemplate":"https:\/\/learn4lifeproject.eu\/?s={search_term_string}"},"query-input":{"@type":"PropertyValueSpecification","valueRequired":true,"valueName":"search_term_string"}}],"inLanguage":"es"},{"@type":"Organization","@id":"https:\/\/learn4lifeproject.eu\/#organization","name":"LeaRn4LIFE","url":"https:\/\/learn4lifeproject.eu\/","logo":{"@type":"ImageObject","inLanguage":"es","@id":"https:\/\/learn4lifeproject.eu\/#\/schema\/logo\/image\/","url":"https:\/\/learn4lifeproject.eu\/wp-content\/uploads\/2023\/08\/favicon.jpg","contentUrl":"https:\/\/learn4lifeproject.eu\/wp-content\/uploads\/2023\/08\/favicon.jpg","width":201,"height":201,"caption":"LeaRn4LIFE"},"image":{"@id":"https:\/\/learn4lifeproject.eu\/#\/schema\/logo\/image\/"}}]}},"_links":{"self":[{"href":"https:\/\/learn4lifeproject.eu\/es\/wp-json\/wp\/v2\/pages\/767","targetHints":{"allow":["GET"]}}],"collection":[{"href":"https:\/\/learn4lifeproject.eu\/es\/wp-json\/wp\/v2\/pages"}],"about":[{"href":"https:\/\/learn4lifeproject.eu\/es\/wp-json\/wp\/v2\/types\/page"}],"author":[{"embeddable":true,"href":"https:\/\/learn4lifeproject.eu\/es\/wp-json\/wp\/v2\/users\/1"}],"replies":[{"embeddable":true,"href":"https:\/\/learn4lifeproject.eu\/es\/wp-json\/wp\/v2\/comments?post=767"}],"version-history":[{"count":3,"href":"https:\/\/learn4lifeproject.eu\/es\/wp-json\/wp\/v2\/pages\/767\/revisions"}],"predecessor-version":[{"id":770,"href":"https:\/\/learn4lifeproject.eu\/es\/wp-json\/wp\/v2\/pages\/767\/revisions\/770"}],"wp:attachment":[{"href":"https:\/\/learn4lifeproject.eu\/es\/wp-json\/wp\/v2\/media?parent=767"}],"curies":[{"name":"wp","href":"https:\/\/api.w.org\/{rel}","templated":true}]}}