{"id":754,"date":"2023-07-26T11:12:15","date_gmt":"2023-07-26T11:12:15","guid":{"rendered":"https:\/\/learn4lifeproject.eu\/?page_id=754"},"modified":"2023-12-26T15:03:25","modified_gmt":"2023-12-26T15:03:25","slug":"politica-privacidad","status":"publish","type":"page","link":"https:\/\/learn4lifeproject.eu\/es\/politica-privacidad\/","title":{"rendered":"Pol\u00edtica de Privacidad"},"content":{"rendered":"<p>Fecha de vigencia de la p\u00f3liza: a partir del primero de noviembre de 2023.<\/p>\n<p>El consorcio del proyecto LeaRn4LIFE gestiona el sitio web https:\/\/learn4lifeproject.eu\/.<\/p>\n<p>Esta p\u00e1gina establece c\u00f3mo LeaRn4LIFE usa y protege cualquier informaci\u00f3n que usted proporcione cuando utiliza este sitio web.<\/p>\n<p>LeaRn4LIFE trata la informaci\u00f3n de sus usuarios en estricto cumplimiento del Reglamento General de Protecci\u00f3n de Datos (GDPR) de la Uni\u00f3n Europea (Reglamento (UE) 2016\/679 del Parlamento Europeo y del Consejo, de 27 de abril de 2016, y su actualizaci\u00f3n por Rectificaci\u00f3n n\u00ba 00\/2016, de 4 de mayo).<\/p>\n<p>Al utilizar el sitio web LeaRn4LIFE, usted acepta la recopilaci\u00f3n y el uso de informaci\u00f3n de acuerdo con esta pol\u00edtica.<\/p>\n<p>&nbsp;<\/p>\n<h3>Recopilaci\u00f3n de informaci\u00f3n<\/h3>\n<p>Al utilizar nuestro sitio web, es posible que le solicitemos que nos proporcione cierta informaci\u00f3n de identificaci\u00f3n personal que puede usarse para contactarlo o identificarlo:<br \/>\nLa informaci\u00f3n de identificaci\u00f3n personal puede incluir, entre otras:<\/p>\n<ul>\n<li>Nombre<\/li>\n<li>Direcci\u00f3n de correo electr\u00f3nico<\/li>\n<li>N\u00famero de tel\u00e9fono<\/li>\n<li>Ubicaci\u00f3n (por ejemplo, pa\u00eds, ciudad, direcci\u00f3n)<\/li>\n<li>Informaci\u00f3n demogr\u00e1fica, como preferencias e intereses.<\/li>\n<li>Otra informaci\u00f3n relevante para las encuestas de investigaci\u00f3n.<\/li>\n<\/ul>\n<p>&nbsp;<\/p>\n<p>Tambi\u00e9n podemos recopilar informaci\u00f3n sobre c\u00f3mo se accede y utiliza el sitio web. Estos datos de uso pueden incluir informaci\u00f3n como la direcci\u00f3n IP de su computadora, tipo de navegador, versi\u00f3n del navegador, p\u00e1ginas de nuestro servicio que visita, hora y fecha de su visita, tiempo que ha pasado en esas p\u00e1ginas, identificadores de dispositivo y otros datos de diagn\u00f3stico.<\/p>\n<p>&nbsp;<\/p>\n<h3>Uso de la informaci\u00f3n<\/h3>\n<p>LeaRn4LIFE recopila varios tipos de informaci\u00f3n y la utiliza para diversos fines:<\/p>\n<ul>\n<li>Para comprender sus necesidades y mejorar nuestras actividades y servicios;<\/li>\n<li>Para proveer y mantener el sitio web;<\/li>\n<li>Para notificarle sobre cambios en nuestro sitio web;<\/li>\n<li>Para permitirle participar en funciones interactivas de nuestro sitio web cuando as\u00ed lo desee;<\/li>\n<li>Para eventualmente enviarle correos electr\u00f3nicos promocionales sobre nuestras actividades o contactarlo con fines de investigaci\u00f3n;<\/li>\n<li>Proporcionar servicio y soporte al cliente;<\/li>\n<li>Para monitorear su uso del sitio web;<\/li>\n<li>Detectar, prevenir y resolver problemas t\u00e9cnicos.<\/li>\n<\/ul>\n<p>&nbsp;<\/p>\n<h3>Transferencia de datos<\/h3>\n<p>Su informaci\u00f3n, incluidos los datos personales, puede transferirse y mantenerse en computadoras ubicadas fuera de su estado, provincia, pa\u00eds u otra jurisdicci\u00f3n gubernamental, donde las leyes de protecci\u00f3n de datos pueden ser diferentes a las de su jurisdicci\u00f3n.<br \/>\nSi se encuentra fuera de Portugal y decide proporcionarnos informaci\u00f3n, tenga en cuenta que transferimos los datos, incluidos los datos personales, a Portugal y los procesamos.<br \/>\nSu consentimiento a esta Pol\u00edtica de Privacidad, seguido del env\u00edo de dicha informaci\u00f3n, representa su aceptaci\u00f3n de dicha transferencia.<br \/>\nLeaRn4LIFE tomar\u00e1 todas las medidas razonablemente necesarias para garantizar que sus datos sean tratados de forma segura y de acuerdo con esta Pol\u00edtica de Privacidad y no se realizar\u00e1 ninguna transferencia de sus datos personales a una organizaci\u00f3n o pa\u00eds a menos que existan controles adecuados.<\/p>\n<p>&nbsp;<\/p>\n<h3>Divulgaci\u00f3n de datos<\/h3>\n<p>LeaRn4LIFE puede divulgar sus datos personales de buena fe cuando considere que dicha acci\u00f3n es necesaria para:<\/p>\n<ul>\n<li>Cumplir con una obligaci\u00f3n legal;<\/li>\n<li>Proteger y defender los derechos o propiedad de LeaRn4LIFE;<\/li>\n<li>Prevenir o investigar posibles irregularidades en relaci\u00f3n con el servicio;<\/li>\n<li>Proteger la seguridad personal de los usuarios del servicio o del p\u00fablico;<\/li>\n<li>Proteger contra responsabilidad legal.<\/li>\n<\/ul>\n<p>&nbsp;<\/p>\n<h3>Seguridad de datos<\/h3>\n<p>LeaRn4LIFE se compromete a garantizar que la privacidad del usuario est\u00e9 protegida, haciendo sus mejores esfuerzos para proteger los datos personales del acceso no autorizado a trav\u00e9s de Internet. Para ello utiliza sistemas de seguridad, normas y otros procedimientos para garantizar la protecci\u00f3n de los datos personales de los usuarios, as\u00ed como para evitar el acceso no autorizado a los datos, su uso indebido, divulgaci\u00f3n, p\u00e9rdida o destrucci\u00f3n.<br \/>\nLa seguridad de sus datos es importante para nosotros, pero recuerde que ning\u00fan m\u00e9todo de transmisi\u00f3n a trav\u00e9s de Internet o m\u00e9todo de almacenamiento electr\u00f3nico es 100 % seguro. Si bien nos esforzamos por utilizar medios comercialmente aceptables para proteger sus datos personales, no podemos garantizar su seguridad absoluta.<\/p>\n<p>&nbsp;<\/p>\n<h3>Proveedores de servicio<\/h3>\n<p>Podemos emplear terceras empresas e individuos de terceros para facilitar y proporcionar el servicio del sitio web en nuestro nombre, para realizar servicios relacionados con el sitio web o para ayudarnos a analizar c\u00f3mo se utiliza nuestro sitio web.<br \/>\nEsas terceras partes tendr\u00e1n acceso a sus datos personales s\u00f3lo para realizar estas tareas en nuestro nombre y estando obligadas a no divulgarlos ni utilizarlos para ning\u00fan otro prop\u00f3sito.<\/p>\n<p>&nbsp;<\/p>\n<h3>C\u00f3mo utilizamos las cookies<\/h3>\n<p>En general, las cookies nos ayudan a ofrecerle un mejor sitio web, permiti\u00e9ndonos controlar qu\u00e9 p\u00e1ginas le resultan \u00fatiles y cu\u00e1les no. Una cookie de ninguna manera nos da acceso a su computadora ni a ninguna informaci\u00f3n sobre usted, aparte de los datos que decida compartir con nosotros.<br \/>\nLa mayor\u00eda de los navegadores web est\u00e1n configurados para aceptar cookies, pero normalmente puede modificar la configuraci\u00f3n de su navegador para rechazarlas si lo prefiere. Sin embargo, tenga en cuenta que esto puede impedirle aprovechar al m\u00e1ximo nuestro sitio web, ya que algunas partes del sitio web pueden no funcionar correctamente si ha rechazado las cookies.<\/p>\n<p>&nbsp;<\/p>\n<h3>Google Analytics<\/h3>\n<p>Google Analytics es un servicio de an\u00e1lisis web ofrecido por Google S.A. que rastrea e informa el tr\u00e1fico del sitio web. Google utiliza los datos recopilados para rastrear y monitorear el uso de nuestro servicio. Estos datos se comparten con otros servicios de Google. Google puede utilizar los datos recopilados para contextualizar y personalizar los anuncios de su propia red publicitaria.<br \/>\nPuede desactivar la disponibilidad de su actividad en el servicio de Google Analytics instalando el complemento de inhabilitaci\u00f3n del navegador de Google Analytics. El complemento evita que Google Analytics JavaScript (ga.js, Analytics.js y dc.js) comparta informaci\u00f3n con Google Analytics sobre la actividad de los visitantes.<br \/>\nPara obtener m\u00e1s informaci\u00f3n sobre las pr\u00e1cticas de privacidad de Google, visite la p\u00e1gina web de Privacidad y T\u00e9rminos de Google: https:\/\/policies.google.com\/privacy?hl=en.<\/p>\n<p>&nbsp;<\/p>\n<h3>Enlaces a otros sitios web<\/h3>\n<p>Nuestro sitio web puede contener enlaces a otros sitios web que no son operados por nosotros.<br \/>\nSin embargo, una vez que haya utilizado estos enlaces para abandonar nuestro sitio web, debe tener en cuenta que no tenemos ning\u00fan control ni asumimos ninguna responsabilidad por el contenido, las pol\u00edticas de privacidad o las pr\u00e1cticas de los sitios o servicios de terceros.<br \/>\nLe recomendamos encarecidamente que revise la Pol\u00edtica de privacidad de cada sitio que visite.<\/p>\n<p>&nbsp;<\/p>\n<h3>Privacidad de los ni\u00f1os<\/h3>\n<p>Nuestro sitio web no est\u00e1 dirigido a usuarios menores de 18 a\u00f1os, por lo que no recopilamos intencionalmente informaci\u00f3n de identificaci\u00f3n personal de ni\u00f1os.<br \/>\nSi es padre o tutor legal y tiene conocimiento de que sus hijos nos han proporcionado datos personales, p\u00f3ngase en contacto con nosotros.<br \/>\nSi nos damos cuenta que hemos recopilado datos personales de ni\u00f1os sin verificaci\u00f3n del consentimiento de los padres, tomamos medidas para eliminar esa informaci\u00f3n de nuestros servidores.<\/p>\n<p>&nbsp;<\/p>\n<h3>Cambios a esta Pol\u00edtica de Privacidad<\/h3>\n<p>LeaRn4LIFE se reserva el derecho, sin previo aviso y con efecto inmediato, de actualizar esta pol\u00edtica de vez en cuando. La fecha de entrada en vigor que figura en la parte superior de esta p\u00e1gina de Pol\u00edtica de Privacidad se actualizar\u00e1 en consecuencia.<br \/>\nSe recomienda que el usuario revise esta Pol\u00edtica de Privacidad peri\u00f3dicamente para detectar cualquier cambio.<\/p>\n<p>&nbsp;<\/p>\n<h3>Cont\u00e1ctenos<\/h3>\n<p>Si tiene alguna pregunta sobre esta Pol\u00edtica de Privacidad, cont\u00e1ctenos por correo electr\u00f3nico: info@learn4lifeproject.eu<\/p>\n","protected":false},"excerpt":{"rendered":"<p>Fecha de vigencia de la p\u00f3liza: a partir del primero de noviembre de 2023. El consorcio del proyecto LeaRn4LIFE gestiona el sitio web https:\/\/learn4lifeproject.eu\/. Esta p\u00e1gina establece c\u00f3mo LeaRn4LIFE usa y protege cualquier informaci\u00f3n que usted proporcione cuando utiliza este sitio web. LeaRn4LIFE trata la informaci\u00f3n de sus usuarios en estricto cumplimiento del Reglamento General [&hellip;]<\/p>\n","protected":false},"author":1,"featured_media":0,"parent":0,"menu_order":0,"comment_status":"closed","ping_status":"closed","template":"","meta":{"_acf_changed":false,"footnotes":""},"class_list":["post-754","page","type-page","status-publish","hentry"],"acf":[],"yoast_head":"<!-- This site is optimized with the Yoast SEO plugin v25.4 - https:\/\/yoast.com\/wordpress\/plugins\/seo\/ -->\n<title>Pol\u00edtica de Privacidad - LeaRn4LIFE<\/title>\n<meta name=\"robots\" content=\"index, follow, max-snippet:-1, max-image-preview:large, max-video-preview:-1\" \/>\n<link rel=\"canonical\" href=\"https:\/\/learn4lifeproject.eu\/es\/politica-privacidad\/\" \/>\n<meta property=\"og:locale\" content=\"es_ES\" \/>\n<meta property=\"og:type\" content=\"article\" \/>\n<meta property=\"og:title\" content=\"Pol\u00edtica de Privacidad - LeaRn4LIFE\" \/>\n<meta property=\"og:description\" content=\"Fecha de vigencia de la p\u00f3liza: a partir del primero de noviembre de 2023. El consorcio del proyecto LeaRn4LIFE gestiona el sitio web https:\/\/learn4lifeproject.eu\/. Esta p\u00e1gina establece c\u00f3mo LeaRn4LIFE usa y protege cualquier informaci\u00f3n que usted proporcione cuando utiliza este sitio web. LeaRn4LIFE trata la informaci\u00f3n de sus usuarios en estricto cumplimiento del Reglamento General [&hellip;]\" \/>\n<meta property=\"og:url\" content=\"https:\/\/learn4lifeproject.eu\/es\/politica-privacidad\/\" \/>\n<meta property=\"og:site_name\" content=\"LeaRn4LIFE\" \/>\n<meta property=\"article:modified_time\" content=\"2023-12-26T15:03:25+00:00\" \/>\n<meta property=\"og:image\" content=\"https:\/\/learn4lifeproject.eu\/wp-content\/uploads\/2023\/08\/learn4life-default.png\" \/>\n\t<meta property=\"og:image:width\" content=\"372\" \/>\n\t<meta property=\"og:image:height\" content=\"100\" \/>\n\t<meta property=\"og:image:type\" content=\"image\/png\" \/>\n<meta name=\"twitter:card\" content=\"summary_large_image\" \/>\n<meta name=\"twitter:label1\" content=\"Tiempo de lectura\" \/>\n\t<meta name=\"twitter:data1\" content=\"11 minutos\" \/>\n<script type=\"application\/ld+json\" class=\"yoast-schema-graph\">{\"@context\":\"https:\/\/schema.org\",\"@graph\":[{\"@type\":\"WebPage\",\"@id\":\"https:\/\/learn4lifeproject.eu\/es\/politica-privacidad\/\",\"url\":\"https:\/\/learn4lifeproject.eu\/es\/politica-privacidad\/\",\"name\":\"Pol\u00edtica de Privacidad - LeaRn4LIFE\",\"isPartOf\":{\"@id\":\"https:\/\/learn4lifeproject.eu\/#website\"},\"datePublished\":\"2023-07-26T11:12:15+00:00\",\"dateModified\":\"2023-12-26T15:03:25+00:00\",\"breadcrumb\":{\"@id\":\"https:\/\/learn4lifeproject.eu\/es\/politica-privacidad\/#breadcrumb\"},\"inLanguage\":\"es\",\"potentialAction\":[{\"@type\":\"ReadAction\",\"target\":[\"https:\/\/learn4lifeproject.eu\/es\/politica-privacidad\/\"]}]},{\"@type\":\"BreadcrumbList\",\"@id\":\"https:\/\/learn4lifeproject.eu\/es\/politica-privacidad\/#breadcrumb\",\"itemListElement\":[{\"@type\":\"ListItem\",\"position\":1,\"name\":\"Home\",\"item\":\"https:\/\/learn4lifeproject.eu\/es\/\"},{\"@type\":\"ListItem\",\"position\":2,\"name\":\"Pol\u00edtica de Privacidad\"}]},{\"@type\":\"WebSite\",\"@id\":\"https:\/\/learn4lifeproject.eu\/#website\",\"url\":\"https:\/\/learn4lifeproject.eu\/\",\"name\":\"LeaRn4LIFE\",\"description\":\"Learning Radon\",\"publisher\":{\"@id\":\"https:\/\/learn4lifeproject.eu\/#organization\"},\"potentialAction\":[{\"@type\":\"SearchAction\",\"target\":{\"@type\":\"EntryPoint\",\"urlTemplate\":\"https:\/\/learn4lifeproject.eu\/?s={search_term_string}\"},\"query-input\":{\"@type\":\"PropertyValueSpecification\",\"valueRequired\":true,\"valueName\":\"search_term_string\"}}],\"inLanguage\":\"es\"},{\"@type\":\"Organization\",\"@id\":\"https:\/\/learn4lifeproject.eu\/#organization\",\"name\":\"LeaRn4LIFE\",\"url\":\"https:\/\/learn4lifeproject.eu\/\",\"logo\":{\"@type\":\"ImageObject\",\"inLanguage\":\"es\",\"@id\":\"https:\/\/learn4lifeproject.eu\/#\/schema\/logo\/image\/\",\"url\":\"https:\/\/learn4lifeproject.eu\/wp-content\/uploads\/2023\/08\/favicon.jpg\",\"contentUrl\":\"https:\/\/learn4lifeproject.eu\/wp-content\/uploads\/2023\/08\/favicon.jpg\",\"width\":201,\"height\":201,\"caption\":\"LeaRn4LIFE\"},\"image\":{\"@id\":\"https:\/\/learn4lifeproject.eu\/#\/schema\/logo\/image\/\"}}]}<\/script>\n<!-- \/ Yoast SEO plugin. -->","yoast_head_json":{"title":"Pol\u00edtica de Privacidad - LeaRn4LIFE","robots":{"index":"index","follow":"follow","max-snippet":"max-snippet:-1","max-image-preview":"max-image-preview:large","max-video-preview":"max-video-preview:-1"},"canonical":"https:\/\/learn4lifeproject.eu\/es\/politica-privacidad\/","og_locale":"es_ES","og_type":"article","og_title":"Pol\u00edtica de Privacidad - LeaRn4LIFE","og_description":"Fecha de vigencia de la p\u00f3liza: a partir del primero de noviembre de 2023. El consorcio del proyecto LeaRn4LIFE gestiona el sitio web https:\/\/learn4lifeproject.eu\/. Esta p\u00e1gina establece c\u00f3mo LeaRn4LIFE usa y protege cualquier informaci\u00f3n que usted proporcione cuando utiliza este sitio web. LeaRn4LIFE trata la informaci\u00f3n de sus usuarios en estricto cumplimiento del Reglamento General [&hellip;]","og_url":"https:\/\/learn4lifeproject.eu\/es\/politica-privacidad\/","og_site_name":"LeaRn4LIFE","article_modified_time":"2023-12-26T15:03:25+00:00","og_image":[{"width":372,"height":100,"url":"https:\/\/learn4lifeproject.eu\/wp-content\/uploads\/2023\/08\/learn4life-default.png","type":"image\/png"}],"twitter_card":"summary_large_image","twitter_misc":{"Tiempo de lectura":"11 minutos"},"schema":{"@context":"https:\/\/schema.org","@graph":[{"@type":"WebPage","@id":"https:\/\/learn4lifeproject.eu\/es\/politica-privacidad\/","url":"https:\/\/learn4lifeproject.eu\/es\/politica-privacidad\/","name":"Pol\u00edtica de Privacidad - LeaRn4LIFE","isPartOf":{"@id":"https:\/\/learn4lifeproject.eu\/#website"},"datePublished":"2023-07-26T11:12:15+00:00","dateModified":"2023-12-26T15:03:25+00:00","breadcrumb":{"@id":"https:\/\/learn4lifeproject.eu\/es\/politica-privacidad\/#breadcrumb"},"inLanguage":"es","potentialAction":[{"@type":"ReadAction","target":["https:\/\/learn4lifeproject.eu\/es\/politica-privacidad\/"]}]},{"@type":"BreadcrumbList","@id":"https:\/\/learn4lifeproject.eu\/es\/politica-privacidad\/#breadcrumb","itemListElement":[{"@type":"ListItem","position":1,"name":"Home","item":"https:\/\/learn4lifeproject.eu\/es\/"},{"@type":"ListItem","position":2,"name":"Pol\u00edtica de Privacidad"}]},{"@type":"WebSite","@id":"https:\/\/learn4lifeproject.eu\/#website","url":"https:\/\/learn4lifeproject.eu\/","name":"LeaRn4LIFE","description":"Learning Radon","publisher":{"@id":"https:\/\/learn4lifeproject.eu\/#organization"},"potentialAction":[{"@type":"SearchAction","target":{"@type":"EntryPoint","urlTemplate":"https:\/\/learn4lifeproject.eu\/?s={search_term_string}"},"query-input":{"@type":"PropertyValueSpecification","valueRequired":true,"valueName":"search_term_string"}}],"inLanguage":"es"},{"@type":"Organization","@id":"https:\/\/learn4lifeproject.eu\/#organization","name":"LeaRn4LIFE","url":"https:\/\/learn4lifeproject.eu\/","logo":{"@type":"ImageObject","inLanguage":"es","@id":"https:\/\/learn4lifeproject.eu\/#\/schema\/logo\/image\/","url":"https:\/\/learn4lifeproject.eu\/wp-content\/uploads\/2023\/08\/favicon.jpg","contentUrl":"https:\/\/learn4lifeproject.eu\/wp-content\/uploads\/2023\/08\/favicon.jpg","width":201,"height":201,"caption":"LeaRn4LIFE"},"image":{"@id":"https:\/\/learn4lifeproject.eu\/#\/schema\/logo\/image\/"}}]}},"_links":{"self":[{"href":"https:\/\/learn4lifeproject.eu\/es\/wp-json\/wp\/v2\/pages\/754","targetHints":{"allow":["GET"]}}],"collection":[{"href":"https:\/\/learn4lifeproject.eu\/es\/wp-json\/wp\/v2\/pages"}],"about":[{"href":"https:\/\/learn4lifeproject.eu\/es\/wp-json\/wp\/v2\/types\/page"}],"author":[{"embeddable":true,"href":"https:\/\/learn4lifeproject.eu\/es\/wp-json\/wp\/v2\/users\/1"}],"replies":[{"embeddable":true,"href":"https:\/\/learn4lifeproject.eu\/es\/wp-json\/wp\/v2\/comments?post=754"}],"version-history":[{"count":9,"href":"https:\/\/learn4lifeproject.eu\/es\/wp-json\/wp\/v2\/pages\/754\/revisions"}],"predecessor-version":[{"id":766,"href":"https:\/\/learn4lifeproject.eu\/es\/wp-json\/wp\/v2\/pages\/754\/revisions\/766"}],"wp:attachment":[{"href":"https:\/\/learn4lifeproject.eu\/es\/wp-json\/wp\/v2\/media?parent=754"}],"curies":[{"name":"wp","href":"https:\/\/api.w.org\/{rel}","templated":true}]}}